{"id":4300,"date":"2023-03-27T17:46:08","date_gmt":"2023-03-27T15:46:08","guid":{"rendered":"https:\/\/sdtextil.com\/politica-de-privacidad\/"},"modified":"2024-12-04T11:13:59","modified_gmt":"2024-12-04T10:13:59","slug":"politica-de-privacidad","status":"publish","type":"page","link":"https:\/\/sdtextil.com\/en\/politica-de-privacidad\/","title":{"rendered":"Privacy Policy"},"content":{"rendered":"\r\n<h1><strong>Pol\u00edtica de privacidad<\/strong><\/h1>\r\n<p>A trav\u00e9s de esta p\u00e1gina web no se recaban datos de car\u00e1cter personal de los usuarios sin su conocimiento, ni se ceden a terceros.<\/p>\r\n<p>La p\u00e1gina web <strong>sdtextil.com<\/strong> puede contener enlaces a sitios web de terceros, cuyas pol\u00edticas de privacidad son ajenas a la de <strong>sdtextil.com<\/strong>. Al acceder a tales p\u00e1ginas web, el usuario puede decidir si aceptar sus pol\u00edticas de privacidad y de cookies. Con car\u00e1cter general, si navega por internet usted puede aceptar o rechazar las cookies de terceros desde las opciones de configuraci\u00f3n de su navegador.<\/p>\r\n<p>A continuaci\u00f3n, le indicamos la informaci\u00f3n b\u00e1sica:<\/p>\r\n<h2><strong>Responsable del tratamiento:<\/strong><\/h2>\r\n<p>Los datos de car\u00e1cter personal que se pudieran recabar directamente del usuario ser\u00e1n tratados de forma confidencial y quedar\u00e1n incorporados a la correspondiente actividad de tratamiento titularidad de Ingenyus Marketing Inteligente S.L.<\/p>\r\n<h2><strong>Finalidad del tratamiento:<\/strong><\/h2>\r\n<p>La finalidad del sitio web es la de informar de los productos y servicios relacionados con su actividad empresarial. El usuario consiente expresamente que sus datos personales sean tratados para la remisi\u00f3n de informaci\u00f3n de car\u00e1cter comercial por v\u00eda electr\u00f3nica (Por ejemplo: correo electr\u00f3nico, redes sociales\u2026 etc.).<\/p>\r\n<h2><strong>Legitimaci\u00f3n del tratamiento:<\/strong><\/h2>\r\n<p>El tratamiento de sus datos se realiza para el cumplimiento de la relaci\u00f3n contractual entre el usuario registrado y el titular de esta p\u00e1gina web, as\u00ed como cuando la finalidad del tratamiento requiera su consentimiento, para lo cual se han habilitado los correspondientes formularios, que habr\u00e1 de ser prestado mediante una clara acci\u00f3n afirmativa (Por ejemplo, mediante la aceptaci\u00f3n de la casilla correspondiente a la pol\u00edtica de privacidad).<\/p>\r\n<h2><strong>Conservaci\u00f3n de datos:<\/strong><\/h2>\r\n<p>Los datos personales proporcionados por los usuarios, ya sea a trav\u00e9s de los formularios de contacto o a trav\u00e9s del registro de usuarios en la p\u00e1gina web, se conservar\u00e1n durante el tiempo necesario para cumplir con la finalidad para la que se recaban y para determinar las posibles responsabilidades que se pudieran derivar de la finalidad, adem\u00e1s de los per\u00edodos establecidos en la normativa de archivos y documentaci\u00f3n.<\/p>\r\n<h2><strong>Comunicaci\u00f3n de datos:<\/strong><\/h2>\r\n<p>Con car\u00e1cter general no se comunicar\u00e1n los datos personales a terceros, salvo obligaci\u00f3n legal.<\/p>\r\n<h2><strong>Tratamiento de datos de menores:<\/strong><\/h2>\r\n<p>Las personas mayores de 16 a\u00f1os podr\u00e1n prestar v\u00e1lidamente su consentimiento para el tratamiento de sus datos personales a trav\u00e9s de esta p\u00e1gina web.<\/p>\r\n<p>El tratamiento de datos de personas menores de 16 a\u00f1os necesitar\u00e1 el consentimiento de sus padres o tutores legales, cuesti\u00f3n que habr\u00e1 de manifestarse en los formularios de contacto.<\/p>\r\n<h2><strong>Derechos de los interesados:<\/strong><\/h2>\r\n<p>Puede ejercer sus derechos de acceso, rectificaci\u00f3n, supresi\u00f3n, oposici\u00f3n y limitaci\u00f3n del tratamiento y portabilidad de sus datos, as\u00ed como a no ser objeto de decisiones basadas \u00fanicamente en el tratamiento automatizado de sus datos, cuando procedan, ante la Agencia Espa\u00f1ola de Protecci\u00f3n de Datos, mediante correo postal en <strong>Avenida de Madrid, 38 ENT. <\/strong><strong>27002, Lugo, Espa\u00f1a<\/strong> o en la direcci\u00f3n de <strong>info@sdtextil.com<\/strong><\/p>\r\n","protected":false},"excerpt":{"rendered":"<div class=\"entry-summary\">\n<div class=\"entry-summary\">\nPol\u00edtica de privacidad A trav\u00e9s de esta p\u00e1gina web no se recaban datos de car\u00e1cter personal de los usuarios sin su conocimiento, ni se ceden a terceros. La p\u00e1gina web sdtextil.com puede contener enlaces a sitios web de terceros, cuyas&hellip;\n<\/div>\n<div class=\"link-more\"><a href=\"https:\/\/sdtextil.com\/en\/politica-de-privacidad\/\" class=\"more-link\">Continue reading<span class=\"screen-reader-text\"> &ldquo;Privacy Policy&rdquo;<\/span>&hellip;<\/a><\/div>\n<\/div>\n<div class=\"link-more\"><a href=\"https:\/\/sdtextil.com\/en\/politica-de-privacidad\/\" class=\"more-link\">Continue reading<span class=\"screen-reader-text\"> &ldquo;Privacy Policy&rdquo;<\/span>&hellip;<\/a><\/div>\n","protected":false},"author":1,"featured_media":0,"parent":0,"menu_order":0,"comment_status":"closed","ping_status":"closed","template":"templates\/no-intro.php","meta":{"_acf_changed":false,"_monsterinsights_skip_tracking":false,"_monsterinsights_sitenote_active":false,"_monsterinsights_sitenote_note":"","_monsterinsights_sitenote_category":0,"footnotes":""},"class_list":["post-4300","page","type-page","status-publish","hentry","entry"],"acf":[],"yoast_head":"<!-- This site is optimized with the Yoast SEO plugin v26.3 - https:\/\/yoast.com\/wordpress\/plugins\/seo\/ -->\n<title>Privacy Policy | SDT<\/title>\n<meta name=\"description\" content=\"Creamos suen\u0303os de una forma diferente. Somos una empresa orientada a dar soluciones integrales para el sector descanso.\" \/>\n<meta name=\"robots\" content=\"noindex, follow\" \/>\n<meta property=\"og:locale\" content=\"en_US\" \/>\n<meta property=\"og:type\" content=\"article\" \/>\n<meta property=\"og:title\" content=\"Privacy Policy | SDT\" \/>\n<meta property=\"og:description\" content=\"Creamos suen\u0303os de una forma diferente. Somos una empresa orientada a dar soluciones integrales para el sector descanso.\" \/>\n<meta property=\"og:url\" content=\"https:\/\/sdtextil.com\/en\/politica-de-privacidad\/\" \/>\n<meta property=\"og:site_name\" content=\"SDT\" \/>\n<meta property=\"article:modified_time\" content=\"2024-12-04T10:13:59+00:00\" \/>\n<meta property=\"og:image\" content=\"https:\/\/sdtextil.com\/wp-content\/uploads\/2023\/06\/favicon.png\" \/>\n\t<meta property=\"og:image:width\" content=\"512\" \/>\n\t<meta property=\"og:image:height\" content=\"512\" \/>\n\t<meta property=\"og:image:type\" content=\"image\/png\" \/>\n<meta name=\"twitter:card\" content=\"summary_large_image\" \/>\n<meta name=\"twitter:label1\" content=\"Est. reading time\" \/>\n\t<meta name=\"twitter:data1\" content=\"2 minutes\" \/>\n<script type=\"application\/ld+json\" class=\"yoast-schema-graph\">{\"@context\":\"https:\/\/schema.org\",\"@graph\":[{\"@type\":\"WebPage\",\"@id\":\"https:\/\/sdtextil.com\/en\/politica-de-privacidad\/\",\"url\":\"https:\/\/sdtextil.com\/en\/politica-de-privacidad\/\",\"name\":\"Privacy Policy | SDT\",\"isPartOf\":{\"@id\":\"https:\/\/sdtextil.com\/#website\"},\"datePublished\":\"2023-03-27T15:46:08+00:00\",\"dateModified\":\"2024-12-04T10:13:59+00:00\",\"description\":\"Creamos suen\u0303os de una forma diferente. Somos una empresa orientada a dar soluciones integrales para el sector descanso.\",\"breadcrumb\":{\"@id\":\"https:\/\/sdtextil.com\/en\/politica-de-privacidad\/#breadcrumb\"},\"inLanguage\":\"en-US\",\"potentialAction\":[{\"@type\":\"ReadAction\",\"target\":[\"https:\/\/sdtextil.com\/en\/politica-de-privacidad\/\"]}]},{\"@type\":\"BreadcrumbList\",\"@id\":\"https:\/\/sdtextil.com\/en\/politica-de-privacidad\/#breadcrumb\",\"itemListElement\":[{\"@type\":\"ListItem\",\"position\":1,\"name\":\"Portada\",\"item\":\"https:\/\/sdtextil.com\/en\/\"},{\"@type\":\"ListItem\",\"position\":2,\"name\":\"Privacy Policy\"}]},{\"@type\":\"WebSite\",\"@id\":\"https:\/\/sdtextil.com\/#website\",\"url\":\"https:\/\/sdtextil.com\/\",\"name\":\"SDT\",\"description\":\"Dream textiles\",\"publisher\":{\"@id\":\"https:\/\/sdtextil.com\/#organization\"},\"potentialAction\":[{\"@type\":\"SearchAction\",\"target\":{\"@type\":\"EntryPoint\",\"urlTemplate\":\"https:\/\/sdtextil.com\/?s={search_term_string}\"},\"query-input\":{\"@type\":\"PropertyValueSpecification\",\"valueRequired\":true,\"valueName\":\"search_term_string\"}}],\"inLanguage\":\"en-US\"},{\"@type\":\"Organization\",\"@id\":\"https:\/\/sdtextil.com\/#organization\",\"name\":\"SDT\",\"alternateName\":\"SDT\",\"url\":\"https:\/\/sdtextil.com\/\",\"logo\":{\"@type\":\"ImageObject\",\"inLanguage\":\"en-US\",\"@id\":\"https:\/\/sdtextil.com\/#\/schema\/logo\/image\/\",\"url\":\"https:\/\/sdtextil.com\/wp-content\/uploads\/2026\/03\/Asset-4@4x-8.png\",\"contentUrl\":\"https:\/\/sdtextil.com\/wp-content\/uploads\/2026\/03\/Asset-4@4x-8.png\",\"width\":1733,\"height\":732,\"caption\":\"SDT\"},\"image\":{\"@id\":\"https:\/\/sdtextil.com\/#\/schema\/logo\/image\/\"}}]}<\/script>\n<!-- \/ Yoast SEO plugin. -->","yoast_head_json":{"title":"Privacy Policy | SDT","description":"Creamos suen\u0303os de una forma diferente. Somos una empresa orientada a dar soluciones integrales para el sector descanso.","robots":{"index":"noindex","follow":"follow"},"og_locale":"en_US","og_type":"article","og_title":"Privacy Policy | SDT","og_description":"Creamos suen\u0303os de una forma diferente. Somos una empresa orientada a dar soluciones integrales para el sector descanso.","og_url":"https:\/\/sdtextil.com\/en\/politica-de-privacidad\/","og_site_name":"SDT","article_modified_time":"2024-12-04T10:13:59+00:00","og_image":[{"width":512,"height":512,"url":"https:\/\/sdtextil.com\/wp-content\/uploads\/2023\/06\/favicon.png","type":"image\/png"}],"twitter_card":"summary_large_image","twitter_misc":{"Est. reading time":"2 minutes"},"schema":{"@context":"https:\/\/schema.org","@graph":[{"@type":"WebPage","@id":"https:\/\/sdtextil.com\/en\/politica-de-privacidad\/","url":"https:\/\/sdtextil.com\/en\/politica-de-privacidad\/","name":"Privacy Policy | SDT","isPartOf":{"@id":"https:\/\/sdtextil.com\/#website"},"datePublished":"2023-03-27T15:46:08+00:00","dateModified":"2024-12-04T10:13:59+00:00","description":"Creamos suen\u0303os de una forma diferente. Somos una empresa orientada a dar soluciones integrales para el sector descanso.","breadcrumb":{"@id":"https:\/\/sdtextil.com\/en\/politica-de-privacidad\/#breadcrumb"},"inLanguage":"en-US","potentialAction":[{"@type":"ReadAction","target":["https:\/\/sdtextil.com\/en\/politica-de-privacidad\/"]}]},{"@type":"BreadcrumbList","@id":"https:\/\/sdtextil.com\/en\/politica-de-privacidad\/#breadcrumb","itemListElement":[{"@type":"ListItem","position":1,"name":"Portada","item":"https:\/\/sdtextil.com\/en\/"},{"@type":"ListItem","position":2,"name":"Privacy Policy"}]},{"@type":"WebSite","@id":"https:\/\/sdtextil.com\/#website","url":"https:\/\/sdtextil.com\/","name":"SDT","description":"Dream textiles","publisher":{"@id":"https:\/\/sdtextil.com\/#organization"},"potentialAction":[{"@type":"SearchAction","target":{"@type":"EntryPoint","urlTemplate":"https:\/\/sdtextil.com\/?s={search_term_string}"},"query-input":{"@type":"PropertyValueSpecification","valueRequired":true,"valueName":"search_term_string"}}],"inLanguage":"en-US"},{"@type":"Organization","@id":"https:\/\/sdtextil.com\/#organization","name":"SDT","alternateName":"SDT","url":"https:\/\/sdtextil.com\/","logo":{"@type":"ImageObject","inLanguage":"en-US","@id":"https:\/\/sdtextil.com\/#\/schema\/logo\/image\/","url":"https:\/\/sdtextil.com\/wp-content\/uploads\/2026\/03\/Asset-4@4x-8.png","contentUrl":"https:\/\/sdtextil.com\/wp-content\/uploads\/2026\/03\/Asset-4@4x-8.png","width":1733,"height":732,"caption":"SDT"},"image":{"@id":"https:\/\/sdtextil.com\/#\/schema\/logo\/image\/"}}]}},"_links":{"self":[{"href":"https:\/\/sdtextil.com\/en\/wp-json\/wp\/v2\/pages\/4300","targetHints":{"allow":["GET"]}}],"collection":[{"href":"https:\/\/sdtextil.com\/en\/wp-json\/wp\/v2\/pages"}],"about":[{"href":"https:\/\/sdtextil.com\/en\/wp-json\/wp\/v2\/types\/page"}],"author":[{"embeddable":true,"href":"https:\/\/sdtextil.com\/en\/wp-json\/wp\/v2\/users\/1"}],"replies":[{"embeddable":true,"href":"https:\/\/sdtextil.com\/en\/wp-json\/wp\/v2\/comments?post=4300"}],"version-history":[{"count":3,"href":"https:\/\/sdtextil.com\/en\/wp-json\/wp\/v2\/pages\/4300\/revisions"}],"predecessor-version":[{"id":4303,"href":"https:\/\/sdtextil.com\/en\/wp-json\/wp\/v2\/pages\/4300\/revisions\/4303"}],"wp:attachment":[{"href":"https:\/\/sdtextil.com\/en\/wp-json\/wp\/v2\/media?parent=4300"}],"curies":[{"name":"wp","href":"https:\/\/api.w.org\/{rel}","templated":true}]}}