{"id":4312,"date":"2023-05-18T12:32:46","date_gmt":"2023-05-18T10:32:46","guid":{"rendered":"https:\/\/sdtextil.com\/productos\/"},"modified":"2025-10-24T18:35:15","modified_gmt":"2025-10-24T16:35:15","slug":"productos","status":"publish","type":"page","link":"https:\/\/sdtextil.com\/en\/productos\/","title":{"rendered":"Productos"},"content":{"rendered":"\n\n\t<h1><strong>We focus on innovation and design to create better products.<\/strong><\/h1>\n\t<h2>Our <strong>products<\/strong><\/h2>\n\t<p>At  <strong>SDTextil,<\/strong> we are a company focused on providing holistic solutions for the bedding sector. We distribute high-quality products with added value, <strong>variety, and design.<\/strong>We work hard to understand our customers&#8217; needs to deliver <strong>personalized and innovative<\/strong>olutions aimed at improving their processes and fostering the development of new products.<\/p>\n<p>We offer a wide range of products, including mattress fabrics, non-woven fabric (NW) and frames.<\/p>\n\t\t\t\t<img loading=\"lazy\" decoding=\"async\" src=\"https:\/\/sdtextil.com\/wp-content\/uploads\/2025\/10\/COOLER-2.webp\" alt=\"COOLER-2\" itemprop=\"image\" height=\"1500\" width=\"1000\" title=\"COOLER-2\" onerror=\"this.style.display='none'\"  \/>\n    <h3>\n        <strong>\n         Ticking<br \/>fabrics\n        <\/strong>\n    <\/h3>\n<a href=\"\/en\/productos\/textil-de-descanso\" class=\"wm-button color-\/error\/info\/success\/warning size-0\/l\/m\/s\/xl button\">See More<\/a>\n\t\t\t\t<img loading=\"lazy\" decoding=\"async\" src=\"https:\/\/sdtextil.com\/wp-content\/uploads\/2024\/06\/Geometrico-10.jpg\" alt=\"Microfibra SDTextil geom\u00e9trico\" itemprop=\"image\" height=\"1322\" width=\"1763\" title=\"Geom\u00e9trico-10\" onerror=\"this.style.display='none'\"  \/>\n    <h3>\n        <strong>\n        Microfiber Fabric\n        <\/strong>\n    <\/h3>\n<a href=\"\/en\/productos\/tejido-microfibra\" class=\"wm-button color-\/error\/info\/success\/warning size-0\/l\/m\/s\/xl button\">See More<\/a>\n\t\t\t\t<img decoding=\"async\" src=\"https:\/\/stdtex.es\/wp-content\/uploads\/2023\/05\/TNT-blanco-muelle-ensacada.jpg\" alt=\"TNT SDT\" itemprop=\"image\" title=\"TNT\" onerror=\"this.style.display='none'\"  \/>\n    <h3>\n        <strong>\n        Non-Woven Fabric\n        <\/strong>\n    <\/h3>\n<a href=\"\/en\/productos\/tnt\" class=\"wm-button color-\/error\/info\/success\/warning size-0\/l\/m\/s\/xl button\">See More<\/a>\n\t\t\t\t<img loading=\"lazy\" decoding=\"async\" src=\"https:\/\/sdtextil.com\/wp-content\/uploads\/2023\/05\/dsc02783-2021-10-21-02-33-11-utc.jpg\" alt=\"Alambre-muelles\" itemprop=\"image\" height=\"1707\" width=\"2560\" title=\"Alambre-muelles\" onerror=\"this.style.display='none'\"  \/>\n    <h3>\n        <strong>\n        Wire and Springs\n        <\/strong>\n    <\/h3>\n<a href=\"\/en\/productos\/alambres-muelles\" class=\"wm-button color-\/error\/info\/success\/warning size-0\/l\/m\/s\/xl button\">See More<\/a>\n\t<h4><strong>Creamos sue\u00f1os de una forma diferente<\/strong><\/h4>\n<p>Descarga nuestro cat\u00e1logo completo, donde encontrar\u00e1s toda la informaci\u00f3n necesaria para seleccionar la soluci\u00f3n perfecta para tu negocio. Ya sea que necesites productos para colchones, sof\u00e1s, asientos de autom\u00f3viles u otros productos relacionados con el descanso, tenemos exactamente lo que buscas.<\/p>\n\t<p><a href=\"\/innovacion\" class=\"wm-button color-\/error\/info\/success\/warning size-0\/l\/m\/s\/xl button\">VER CAT\u00c1LOGO<\/a><\/p>\n\t\t\t\t<img decoding=\"async\" src=\"https:\/\/stdtex.es\/wp-content\/uploads\/2023\/05\/ICONOS-5.png\" alt=\"Somos SDT\" itemprop=\"image\" title=\"SOMOS\" onerror=\"this.style.display='none'\"  \/>\n\t<h5><strong>About Us<\/strong><\/h5>\n<p>We are a young and dynamic team of professionals from various fields, dedicated to providing you with personalized advice and support.<\/p>\n\t\t\t\t<img decoding=\"async\" src=\"https:\/\/stdtex.es\/wp-content\/uploads\/2023\/05\/ICONOS-01.png\" alt=\"innovaci\u00f3n SDT\" itemprop=\"image\" title=\"innovacion\" onerror=\"this.style.display='none'\"  \/>\n\t<h5><strong>Innovation<\/strong><\/h5>\n<p>Our dedication to innovation and continuous improvement consistently places us at the forefront of the latest industry trends.<\/p>\n\t\t\t\t<img decoding=\"async\" src=\"https:\/\/stdtex.es\/wp-content\/uploads\/2023\/05\/ICONOS-02.png\" alt=\"log\u00edstica SDT\" itemprop=\"image\" title=\"logistica\" onerror=\"this.style.display='none'\"  \/>\n\t<h5><strong>Logistics<\/strong><\/h5>\n<p>Our specialized logistics team works diligently to ensure timely deliveries and provide up-to-date information about your orders.<\/p>\n\t\t\t\t<img decoding=\"async\" src=\"https:\/\/stdtex.es\/wp-content\/uploads\/2023\/05\/ICONOS-03.png\" alt=\"Almacenes SDT\" itemprop=\"image\" title=\"Almacenes\" onerror=\"this.style.display='none'\"  \/>\n\t<h5><strong>Warehouse<\/strong><\/h5>\n<p>We have our own warehouse, which allows us to maintain a large stock of your products, ensuring their immediate availability and prompt delivery.<\/p>\n\t\t\t\t<img decoding=\"async\" src=\"https:\/\/stdtex.es\/wp-content\/uploads\/2023\/06\/icono-1.png\" alt=\"showroom SDT\" itemprop=\"image\" title=\"showroom\" onerror=\"this.style.display='none'\"  \/>\n\t<h5><strong>Showroom<\/strong><\/h5>\n<p>We invite you to visit our showroom and experience the quality, variety of our products, and ideal solutions for your projects.<\/p>\n\t<h2><strong>Innovaci\u00f3n<\/strong><\/h2>\nSorry, there is nothing to display here&hellip;\n","protected":false},"excerpt":{"rendered":"<div class=\"entry-summary\">\n<div class=\"entry-summary\">\nWe focus on innovation and design to create better products. Our products At SDTextil, we are a company focused on providing holistic solutions for the bedding sector. We distribute high-quality products with added value, variety, and design.We work hard to&hellip;\n<\/div>\n<div class=\"link-more\"><a href=\"https:\/\/sdtextil.com\/en\/productos\/\" class=\"more-link\">Continue reading<span class=\"screen-reader-text\"> &ldquo;Productos&rdquo;<\/span>&hellip;<\/a><\/div>\n<\/div>\n<div class=\"link-more\"><a href=\"https:\/\/sdtextil.com\/en\/productos\/\" class=\"more-link\">Continue reading<span class=\"screen-reader-text\"> &ldquo;Productos&rdquo;<\/span>&hellip;<\/a><\/div>\n","protected":false},"author":1,"featured_media":0,"parent":0,"menu_order":0,"comment_status":"closed","ping_status":"closed","template":"templates\/no-intro.php","meta":{"_acf_changed":false,"_monsterinsights_skip_tracking":false,"_monsterinsights_sitenote_active":false,"_monsterinsights_sitenote_note":"","_monsterinsights_sitenote_category":0,"footnotes":""},"class_list":["post-4312","page","type-page","status-publish","hentry","entry"],"acf":[],"yoast_head":"<!-- This site is optimized with the Yoast SEO plugin v26.3 - https:\/\/yoast.com\/wordpress\/plugins\/seo\/ -->\n<title>Productos | SDT<\/title>\n<meta name=\"description\" content=\"En SDTextil somos una empresa orientada a dar soluciones integrales para el sector descanso. Descubre toda nuestra gama.\" \/>\n<meta name=\"robots\" content=\"index, follow, max-snippet:-1, max-image-preview:large, max-video-preview:-1\" \/>\n<link rel=\"canonical\" href=\"https:\/\/sdtextil.com\/en\/productos\/\" \/>\n<meta property=\"og:locale\" content=\"en_US\" \/>\n<meta property=\"og:type\" content=\"article\" \/>\n<meta property=\"og:title\" content=\"Productos | SDT\" \/>\n<meta property=\"og:description\" content=\"En SDTextil somos una empresa orientada a dar soluciones integrales para el sector descanso. Descubre toda nuestra gama.\" \/>\n<meta property=\"og:url\" content=\"https:\/\/sdtextil.com\/en\/productos\/\" \/>\n<meta property=\"og:site_name\" content=\"SDT\" \/>\n<meta property=\"article:modified_time\" content=\"2025-10-24T16:35:15+00:00\" \/>\n<meta property=\"og:image\" content=\"https:\/\/sdtextil.com\/wp-content\/uploads\/2023\/05\/COOLER-2-1.jpg\" \/>\n\t<meta property=\"og:image:width\" content=\"1000\" \/>\n\t<meta property=\"og:image:height\" content=\"1500\" \/>\n\t<meta property=\"og:image:type\" content=\"image\/jpeg\" \/>\n<meta name=\"twitter:card\" content=\"summary_large_image\" \/>\n<meta name=\"twitter:title\" content=\"Productos | SDT\" \/>\n<meta name=\"twitter:description\" content=\"En SDTextil somos una empresa orientada a dar soluciones integrales para el sector descanso. Descubre toda nuestra gama.\" \/>\n<meta name=\"twitter:image\" content=\"https:\/\/sdtextil.com\/wp-content\/uploads\/2023\/05\/COOLER-2-1.jpg\" \/>\n<meta name=\"twitter:label1\" content=\"Est. reading time\" \/>\n\t<meta name=\"twitter:data1\" content=\"4 minutes\" \/>\n<script type=\"application\/ld+json\" class=\"yoast-schema-graph\">{\"@context\":\"https:\/\/schema.org\",\"@graph\":[{\"@type\":\"WebPage\",\"@id\":\"https:\/\/sdtextil.com\/en\/productos\/\",\"url\":\"https:\/\/sdtextil.com\/en\/productos\/\",\"name\":\"Productos | SDT\",\"isPartOf\":{\"@id\":\"https:\/\/sdtextil.com\/#website\"},\"primaryImageOfPage\":{\"@id\":\"https:\/\/sdtextil.com\/en\/productos\/#primaryimage\"},\"image\":{\"@id\":\"https:\/\/sdtextil.com\/en\/productos\/#primaryimage\"},\"thumbnailUrl\":\"https:\/\/sdtextil.com\/wp-content\/uploads\/2025\/10\/COOLER-2.webp\",\"datePublished\":\"2023-05-18T10:32:46+00:00\",\"dateModified\":\"2025-10-24T16:35:15+00:00\",\"description\":\"En SDTextil somos una empresa orientada a dar soluciones integrales para el sector descanso. Descubre toda nuestra gama.\",\"breadcrumb\":{\"@id\":\"https:\/\/sdtextil.com\/en\/productos\/#breadcrumb\"},\"inLanguage\":\"en-US\",\"potentialAction\":[{\"@type\":\"ReadAction\",\"target\":[\"https:\/\/sdtextil.com\/en\/productos\/\"]}]},{\"@type\":\"ImageObject\",\"inLanguage\":\"en-US\",\"@id\":\"https:\/\/sdtextil.com\/en\/productos\/#primaryimage\",\"url\":\"https:\/\/sdtextil.com\/wp-content\/uploads\/2025\/10\/COOLER-2.webp\",\"contentUrl\":\"https:\/\/sdtextil.com\/wp-content\/uploads\/2025\/10\/COOLER-2.webp\"},{\"@type\":\"BreadcrumbList\",\"@id\":\"https:\/\/sdtextil.com\/en\/productos\/#breadcrumb\",\"itemListElement\":[{\"@type\":\"ListItem\",\"position\":1,\"name\":\"Portada\",\"item\":\"https:\/\/sdtextil.com\/en\/\"},{\"@type\":\"ListItem\",\"position\":2,\"name\":\"Productos\"}]},{\"@type\":\"WebSite\",\"@id\":\"https:\/\/sdtextil.com\/#website\",\"url\":\"https:\/\/sdtextil.com\/\",\"name\":\"SDT\",\"description\":\"Dream textiles\",\"publisher\":{\"@id\":\"https:\/\/sdtextil.com\/#organization\"},\"potentialAction\":[{\"@type\":\"SearchAction\",\"target\":{\"@type\":\"EntryPoint\",\"urlTemplate\":\"https:\/\/sdtextil.com\/?s={search_term_string}\"},\"query-input\":{\"@type\":\"PropertyValueSpecification\",\"valueRequired\":true,\"valueName\":\"search_term_string\"}}],\"inLanguage\":\"en-US\"},{\"@type\":\"Organization\",\"@id\":\"https:\/\/sdtextil.com\/#organization\",\"name\":\"SDT\",\"alternateName\":\"SDT\",\"url\":\"https:\/\/sdtextil.com\/\",\"logo\":{\"@type\":\"ImageObject\",\"inLanguage\":\"en-US\",\"@id\":\"https:\/\/sdtextil.com\/#\/schema\/logo\/image\/\",\"url\":\"https:\/\/sdtextil.com\/wp-content\/uploads\/2026\/03\/Asset-4@4x-8.png\",\"contentUrl\":\"https:\/\/sdtextil.com\/wp-content\/uploads\/2026\/03\/Asset-4@4x-8.png\",\"width\":1733,\"height\":732,\"caption\":\"SDT\"},\"image\":{\"@id\":\"https:\/\/sdtextil.com\/#\/schema\/logo\/image\/\"}}]}<\/script>\n<!-- \/ Yoast SEO plugin. -->","yoast_head_json":{"title":"Productos | SDT","description":"En SDTextil somos una empresa orientada a dar soluciones integrales para el sector descanso. Descubre toda nuestra gama.","robots":{"index":"index","follow":"follow","max-snippet":"max-snippet:-1","max-image-preview":"max-image-preview:large","max-video-preview":"max-video-preview:-1"},"canonical":"https:\/\/sdtextil.com\/en\/productos\/","og_locale":"en_US","og_type":"article","og_title":"Productos | SDT","og_description":"En SDTextil somos una empresa orientada a dar soluciones integrales para el sector descanso. Descubre toda nuestra gama.","og_url":"https:\/\/sdtextil.com\/en\/productos\/","og_site_name":"SDT","article_modified_time":"2025-10-24T16:35:15+00:00","og_image":[{"width":1000,"height":1500,"url":"https:\/\/sdtextil.com\/wp-content\/uploads\/2023\/05\/COOLER-2-1.jpg","type":"image\/jpeg"}],"twitter_card":"summary_large_image","twitter_title":"Productos | SDT","twitter_description":"En SDTextil somos una empresa orientada a dar soluciones integrales para el sector descanso. Descubre toda nuestra gama.","twitter_image":"https:\/\/sdtextil.com\/wp-content\/uploads\/2023\/05\/COOLER-2-1.jpg","twitter_misc":{"Est. reading time":"4 minutes"},"schema":{"@context":"https:\/\/schema.org","@graph":[{"@type":"WebPage","@id":"https:\/\/sdtextil.com\/en\/productos\/","url":"https:\/\/sdtextil.com\/en\/productos\/","name":"Productos | SDT","isPartOf":{"@id":"https:\/\/sdtextil.com\/#website"},"primaryImageOfPage":{"@id":"https:\/\/sdtextil.com\/en\/productos\/#primaryimage"},"image":{"@id":"https:\/\/sdtextil.com\/en\/productos\/#primaryimage"},"thumbnailUrl":"https:\/\/sdtextil.com\/wp-content\/uploads\/2025\/10\/COOLER-2.webp","datePublished":"2023-05-18T10:32:46+00:00","dateModified":"2025-10-24T16:35:15+00:00","description":"En SDTextil somos una empresa orientada a dar soluciones integrales para el sector descanso. Descubre toda nuestra gama.","breadcrumb":{"@id":"https:\/\/sdtextil.com\/en\/productos\/#breadcrumb"},"inLanguage":"en-US","potentialAction":[{"@type":"ReadAction","target":["https:\/\/sdtextil.com\/en\/productos\/"]}]},{"@type":"ImageObject","inLanguage":"en-US","@id":"https:\/\/sdtextil.com\/en\/productos\/#primaryimage","url":"https:\/\/sdtextil.com\/wp-content\/uploads\/2025\/10\/COOLER-2.webp","contentUrl":"https:\/\/sdtextil.com\/wp-content\/uploads\/2025\/10\/COOLER-2.webp"},{"@type":"BreadcrumbList","@id":"https:\/\/sdtextil.com\/en\/productos\/#breadcrumb","itemListElement":[{"@type":"ListItem","position":1,"name":"Portada","item":"https:\/\/sdtextil.com\/en\/"},{"@type":"ListItem","position":2,"name":"Productos"}]},{"@type":"WebSite","@id":"https:\/\/sdtextil.com\/#website","url":"https:\/\/sdtextil.com\/","name":"SDT","description":"Dream textiles","publisher":{"@id":"https:\/\/sdtextil.com\/#organization"},"potentialAction":[{"@type":"SearchAction","target":{"@type":"EntryPoint","urlTemplate":"https:\/\/sdtextil.com\/?s={search_term_string}"},"query-input":{"@type":"PropertyValueSpecification","valueRequired":true,"valueName":"search_term_string"}}],"inLanguage":"en-US"},{"@type":"Organization","@id":"https:\/\/sdtextil.com\/#organization","name":"SDT","alternateName":"SDT","url":"https:\/\/sdtextil.com\/","logo":{"@type":"ImageObject","inLanguage":"en-US","@id":"https:\/\/sdtextil.com\/#\/schema\/logo\/image\/","url":"https:\/\/sdtextil.com\/wp-content\/uploads\/2026\/03\/Asset-4@4x-8.png","contentUrl":"https:\/\/sdtextil.com\/wp-content\/uploads\/2026\/03\/Asset-4@4x-8.png","width":1733,"height":732,"caption":"SDT"},"image":{"@id":"https:\/\/sdtextil.com\/#\/schema\/logo\/image\/"}}]}},"_links":{"self":[{"href":"https:\/\/sdtextil.com\/en\/wp-json\/wp\/v2\/pages\/4312","targetHints":{"allow":["GET"]}}],"collection":[{"href":"https:\/\/sdtextil.com\/en\/wp-json\/wp\/v2\/pages"}],"about":[{"href":"https:\/\/sdtextil.com\/en\/wp-json\/wp\/v2\/types\/page"}],"author":[{"embeddable":true,"href":"https:\/\/sdtextil.com\/en\/wp-json\/wp\/v2\/users\/1"}],"replies":[{"embeddable":true,"href":"https:\/\/sdtextil.com\/en\/wp-json\/wp\/v2\/comments?post=4312"}],"version-history":[{"count":7,"href":"https:\/\/sdtextil.com\/en\/wp-json\/wp\/v2\/pages\/4312\/revisions"}],"predecessor-version":[{"id":4669,"href":"https:\/\/sdtextil.com\/en\/wp-json\/wp\/v2\/pages\/4312\/revisions\/4669"}],"wp:attachment":[{"href":"https:\/\/sdtextil.com\/en\/wp-json\/wp\/v2\/media?parent=4312"}],"curies":[{"name":"wp","href":"https:\/\/api.w.org\/{rel}","templated":true}]}}