{"id":4328,"date":"2023-03-13T09:46:00","date_gmt":"2023-03-13T08:46:00","guid":{"rendered":"https:\/\/sdtextil.com\/innovacion\/"},"modified":"2025-01-16T12:06:55","modified_gmt":"2025-01-16T11:06:55","slug":"innovacion","status":"publish","type":"page","link":"https:\/\/sdtextil.com\/en\/innovacion\/","title":{"rendered":"Innovaci\u00f3n"},"content":{"rendered":"\r\n\r\n\t<p><strong>The textile revolution comes to life in the world of sleep<\/strong><\/p>\r\n\t<h1><strong>Innovaci\u00f3n<\/strong><\/h1>\r\n\t<p>Explora c\u00f3mo la tecnolog\u00eda revoluciona la manera en que vivimos y descansamos, desde textiles que regulan la temperatura corporal, antimicrobianos hasta tejidos que nos renuevan durante nuestro sue\u00f1o.<\/p>\r\n<p>Te mantenemos al tanto de los lanzamientos m\u00e1s esperados, productos que combinan dise\u00f1o y tecnolog\u00eda de forma innovadora.<\/p>\r\nSorry, there is nothing to display here&hellip;\r\n\t<h2>We are preparing the most innovative products on the market just for you!<\/h2>\r\n\t<h3><strong>Join Us<\/strong><\/h3>\r\n\t<p>Join us as we explore the frontier of innovation, inspiring you to discover new ways to stand out through design and technology.<\/p>\r\n<script>(function() {\n\twindow.mc4wp = window.mc4wp || {\n\t\tlisteners: [],\n\t\tforms: {\n\t\t\ton: function(evt, cb) {\n\t\t\t\twindow.mc4wp.listeners.push(\n\t\t\t\t\t{\n\t\t\t\t\t\tevent   : evt,\n\t\t\t\t\t\tcallback: cb\n\t\t\t\t\t}\n\t\t\t\t);\n\t\t\t}\n\t\t}\n\t}\n})();\n<\/script><!-- Mailchimp for WordPress v4.10.8 - https:\/\/wordpress.org\/plugins\/mailchimp-for-wp\/ --><form id=\"mc4wp-form-1\" class=\"mc4wp-form mc4wp-form-4348\" method=\"post\" data-id=\"4348\" data-name=\"Newsletter\" ><div class=\"mc4wp-form-fields\"><p>\n\t<label for=\"newsletter-mail\" style=\"display:block;\">E-mail: \n\t\t<input id=\"newsletter-mail\" type=\"email\" name=\"EMAIL\" placeholder=\"\" required=\"\">\n<\/label>\n<\/p>\n\n<p>\n\t<input type=\"submit\" value=\"Subscribe\" style=\"border-radius: 3rem; padding-bottom: 6px; color: white;\">\n<\/p><\/div><label style=\"display: none !important;\">Leave this field empty if you're human: <input type=\"text\" name=\"_mc4wp_honeypot\" value=\"\" tabindex=\"-1\" autocomplete=\"off\" \/><\/label><input type=\"hidden\" name=\"_mc4wp_timestamp\" value=\"1776519174\" \/><input type=\"hidden\" name=\"_mc4wp_form_id\" value=\"4348\" \/><input type=\"hidden\" name=\"_mc4wp_form_element_id\" value=\"mc4wp-form-1\" \/><div class=\"mc4wp-response\"><\/div><\/form><!-- \/ Mailchimp for WordPress Plugin -->\r\n\r\n","protected":false},"excerpt":{"rendered":"<div class=\"entry-summary\">\n<div class=\"entry-summary\">\nThe textile revolution comes to life in the world of sleep Innovaci\u00f3n Explora c\u00f3mo la tecnolog\u00eda revoluciona la manera en que vivimos y descansamos, desde textiles que regulan la temperatura corporal, antimicrobianos hasta tejidos que nos renuevan durante nuestro sue\u00f1o.&hellip;\n<\/div>\n<div class=\"link-more\"><a href=\"https:\/\/sdtextil.com\/en\/innovacion\/\" class=\"more-link\">Continue reading<span class=\"screen-reader-text\"> &ldquo;Innovaci\u00f3n&rdquo;<\/span>&hellip;<\/a><\/div>\n<\/div>\n<div class=\"link-more\"><a href=\"https:\/\/sdtextil.com\/en\/innovacion\/\" class=\"more-link\">Continue reading<span class=\"screen-reader-text\"> &ldquo;Innovaci\u00f3n&rdquo;<\/span>&hellip;<\/a><\/div>\n","protected":false},"author":1,"featured_media":0,"parent":0,"menu_order":0,"comment_status":"closed","ping_status":"closed","template":"templates\/no-intro.php","meta":{"_acf_changed":false,"_monsterinsights_skip_tracking":false,"_monsterinsights_sitenote_active":false,"_monsterinsights_sitenote_note":"","_monsterinsights_sitenote_category":0,"footnotes":""},"class_list":["post-4328","page","type-page","status-publish","hentry","entry"],"acf":[],"yoast_head":"<!-- This site is optimized with the Yoast SEO plugin v26.3 - https:\/\/yoast.com\/wordpress\/plugins\/seo\/ -->\n<title>Innovaci\u00f3n | SDT<\/title>\n<meta name=\"description\" content=\"\u00a1Estamos preparando los art\u00edculos m\u00e1s innovadores del mercado especialmente para ti! Descubre la innovaci\u00f3n con nosotros.\" \/>\n<meta name=\"robots\" content=\"index, follow, max-snippet:-1, max-image-preview:large, max-video-preview:-1\" \/>\n<link rel=\"canonical\" href=\"https:\/\/sdtextil.com\/en\/innovacion\/\" \/>\n<meta property=\"og:locale\" content=\"en_US\" \/>\n<meta property=\"og:type\" content=\"article\" \/>\n<meta property=\"og:title\" content=\"Innovaci\u00f3n | SDT\" \/>\n<meta property=\"og:description\" content=\"\u00a1Estamos preparando los art\u00edculos m\u00e1s innovadores del mercado especialmente para ti! Descubre la innovaci\u00f3n con nosotros.\" \/>\n<meta property=\"og:url\" content=\"https:\/\/sdtextil.com\/en\/innovacion\/\" \/>\n<meta property=\"og:site_name\" content=\"SDT\" \/>\n<meta property=\"article:modified_time\" content=\"2025-01-16T11:06:55+00:00\" \/>\n<meta property=\"og:image\" content=\"https:\/\/sdtextil.com\/wp-content\/uploads\/2023\/06\/Imagen-1.webp\" \/>\n\t<meta property=\"og:image:width\" content=\"451\" \/>\n\t<meta property=\"og:image:height\" content=\"300\" \/>\n\t<meta property=\"og:image:type\" content=\"image\/webp\" \/>\n<meta name=\"twitter:card\" content=\"summary_large_image\" \/>\n<meta name=\"twitter:title\" content=\"Innovaci\u00f3n | SDT\" \/>\n<meta name=\"twitter:description\" content=\"\u00a1Estamos preparando los art\u00edculos m\u00e1s innovadores del mercado especialmente para ti! Descubre la innovaci\u00f3n con nosotros.\" \/>\n<meta name=\"twitter:image\" content=\"https:\/\/sdtextil.com\/wp-content\/uploads\/2023\/06\/Imagen-1.webp\" \/>\n<meta name=\"twitter:label1\" content=\"Est. reading time\" \/>\n\t<meta name=\"twitter:data1\" content=\"1 minute\" \/>\n<script type=\"application\/ld+json\" class=\"yoast-schema-graph\">{\"@context\":\"https:\/\/schema.org\",\"@graph\":[{\"@type\":\"WebPage\",\"@id\":\"https:\/\/sdtextil.com\/en\/innovacion\/\",\"url\":\"https:\/\/sdtextil.com\/en\/innovacion\/\",\"name\":\"Innovaci\u00f3n | SDT\",\"isPartOf\":{\"@id\":\"https:\/\/sdtextil.com\/#website\"},\"datePublished\":\"2023-03-13T08:46:00+00:00\",\"dateModified\":\"2025-01-16T11:06:55+00:00\",\"description\":\"\u00a1Estamos preparando los art\u00edculos m\u00e1s innovadores del mercado especialmente para ti! Descubre la innovaci\u00f3n con nosotros.\",\"breadcrumb\":{\"@id\":\"https:\/\/sdtextil.com\/en\/innovacion\/#breadcrumb\"},\"inLanguage\":\"en-US\",\"potentialAction\":[{\"@type\":\"ReadAction\",\"target\":[\"https:\/\/sdtextil.com\/en\/innovacion\/\"]}]},{\"@type\":\"BreadcrumbList\",\"@id\":\"https:\/\/sdtextil.com\/en\/innovacion\/#breadcrumb\",\"itemListElement\":[{\"@type\":\"ListItem\",\"position\":1,\"name\":\"Portada\",\"item\":\"https:\/\/sdtextil.com\/en\/\"},{\"@type\":\"ListItem\",\"position\":2,\"name\":\"Innovaci\u00f3n\"}]},{\"@type\":\"WebSite\",\"@id\":\"https:\/\/sdtextil.com\/#website\",\"url\":\"https:\/\/sdtextil.com\/\",\"name\":\"SDT\",\"description\":\"Dream textiles\",\"publisher\":{\"@id\":\"https:\/\/sdtextil.com\/#organization\"},\"potentialAction\":[{\"@type\":\"SearchAction\",\"target\":{\"@type\":\"EntryPoint\",\"urlTemplate\":\"https:\/\/sdtextil.com\/?s={search_term_string}\"},\"query-input\":{\"@type\":\"PropertyValueSpecification\",\"valueRequired\":true,\"valueName\":\"search_term_string\"}}],\"inLanguage\":\"en-US\"},{\"@type\":\"Organization\",\"@id\":\"https:\/\/sdtextil.com\/#organization\",\"name\":\"SDT\",\"alternateName\":\"SDT\",\"url\":\"https:\/\/sdtextil.com\/\",\"logo\":{\"@type\":\"ImageObject\",\"inLanguage\":\"en-US\",\"@id\":\"https:\/\/sdtextil.com\/#\/schema\/logo\/image\/\",\"url\":\"https:\/\/sdtextil.com\/wp-content\/uploads\/2026\/03\/Asset-4@4x-8.png\",\"contentUrl\":\"https:\/\/sdtextil.com\/wp-content\/uploads\/2026\/03\/Asset-4@4x-8.png\",\"width\":1733,\"height\":732,\"caption\":\"SDT\"},\"image\":{\"@id\":\"https:\/\/sdtextil.com\/#\/schema\/logo\/image\/\"}}]}<\/script>\n<!-- \/ Yoast SEO plugin. -->","yoast_head_json":{"title":"Innovaci\u00f3n | SDT","description":"\u00a1Estamos preparando los art\u00edculos m\u00e1s innovadores del mercado especialmente para ti! Descubre la innovaci\u00f3n con nosotros.","robots":{"index":"index","follow":"follow","max-snippet":"max-snippet:-1","max-image-preview":"max-image-preview:large","max-video-preview":"max-video-preview:-1"},"canonical":"https:\/\/sdtextil.com\/en\/innovacion\/","og_locale":"en_US","og_type":"article","og_title":"Innovaci\u00f3n | SDT","og_description":"\u00a1Estamos preparando los art\u00edculos m\u00e1s innovadores del mercado especialmente para ti! Descubre la innovaci\u00f3n con nosotros.","og_url":"https:\/\/sdtextil.com\/en\/innovacion\/","og_site_name":"SDT","article_modified_time":"2025-01-16T11:06:55+00:00","og_image":[{"width":451,"height":300,"url":"https:\/\/sdtextil.com\/wp-content\/uploads\/2023\/06\/Imagen-1.webp","type":"image\/webp"}],"twitter_card":"summary_large_image","twitter_title":"Innovaci\u00f3n | SDT","twitter_description":"\u00a1Estamos preparando los art\u00edculos m\u00e1s innovadores del mercado especialmente para ti! Descubre la innovaci\u00f3n con nosotros.","twitter_image":"https:\/\/sdtextil.com\/wp-content\/uploads\/2023\/06\/Imagen-1.webp","twitter_misc":{"Est. reading time":"1 minute"},"schema":{"@context":"https:\/\/schema.org","@graph":[{"@type":"WebPage","@id":"https:\/\/sdtextil.com\/en\/innovacion\/","url":"https:\/\/sdtextil.com\/en\/innovacion\/","name":"Innovaci\u00f3n | SDT","isPartOf":{"@id":"https:\/\/sdtextil.com\/#website"},"datePublished":"2023-03-13T08:46:00+00:00","dateModified":"2025-01-16T11:06:55+00:00","description":"\u00a1Estamos preparando los art\u00edculos m\u00e1s innovadores del mercado especialmente para ti! Descubre la innovaci\u00f3n con nosotros.","breadcrumb":{"@id":"https:\/\/sdtextil.com\/en\/innovacion\/#breadcrumb"},"inLanguage":"en-US","potentialAction":[{"@type":"ReadAction","target":["https:\/\/sdtextil.com\/en\/innovacion\/"]}]},{"@type":"BreadcrumbList","@id":"https:\/\/sdtextil.com\/en\/innovacion\/#breadcrumb","itemListElement":[{"@type":"ListItem","position":1,"name":"Portada","item":"https:\/\/sdtextil.com\/en\/"},{"@type":"ListItem","position":2,"name":"Innovaci\u00f3n"}]},{"@type":"WebSite","@id":"https:\/\/sdtextil.com\/#website","url":"https:\/\/sdtextil.com\/","name":"SDT","description":"Dream textiles","publisher":{"@id":"https:\/\/sdtextil.com\/#organization"},"potentialAction":[{"@type":"SearchAction","target":{"@type":"EntryPoint","urlTemplate":"https:\/\/sdtextil.com\/?s={search_term_string}"},"query-input":{"@type":"PropertyValueSpecification","valueRequired":true,"valueName":"search_term_string"}}],"inLanguage":"en-US"},{"@type":"Organization","@id":"https:\/\/sdtextil.com\/#organization","name":"SDT","alternateName":"SDT","url":"https:\/\/sdtextil.com\/","logo":{"@type":"ImageObject","inLanguage":"en-US","@id":"https:\/\/sdtextil.com\/#\/schema\/logo\/image\/","url":"https:\/\/sdtextil.com\/wp-content\/uploads\/2026\/03\/Asset-4@4x-8.png","contentUrl":"https:\/\/sdtextil.com\/wp-content\/uploads\/2026\/03\/Asset-4@4x-8.png","width":1733,"height":732,"caption":"SDT"},"image":{"@id":"https:\/\/sdtextil.com\/#\/schema\/logo\/image\/"}}]}},"_links":{"self":[{"href":"https:\/\/sdtextil.com\/en\/wp-json\/wp\/v2\/pages\/4328","targetHints":{"allow":["GET"]}}],"collection":[{"href":"https:\/\/sdtextil.com\/en\/wp-json\/wp\/v2\/pages"}],"about":[{"href":"https:\/\/sdtextil.com\/en\/wp-json\/wp\/v2\/types\/page"}],"author":[{"embeddable":true,"href":"https:\/\/sdtextil.com\/en\/wp-json\/wp\/v2\/users\/1"}],"replies":[{"embeddable":true,"href":"https:\/\/sdtextil.com\/en\/wp-json\/wp\/v2\/comments?post=4328"}],"version-history":[{"count":1,"href":"https:\/\/sdtextil.com\/en\/wp-json\/wp\/v2\/pages\/4328\/revisions"}],"predecessor-version":[{"id":4329,"href":"https:\/\/sdtextil.com\/en\/wp-json\/wp\/v2\/pages\/4328\/revisions\/4329"}],"wp:attachment":[{"href":"https:\/\/sdtextil.com\/en\/wp-json\/wp\/v2\/media?parent=4328"}],"curies":[{"name":"wp","href":"https:\/\/api.w.org\/{rel}","templated":true}]}}